{"id":102,"date":"2015-04-27T23:53:40","date_gmt":"2015-04-27T23:53:40","guid":{"rendered":"http:\/\/www.jardinex.cat\/?page_id=102"},"modified":"2024-04-13T01:39:38","modified_gmt":"2024-04-12T23:39:38","slug":"manteniment-de-gespa","status":"publish","type":"page","link":"https:\/\/www.jardinex.cat\/ca\/manteniment-de-jadins\/manteniment-de-gespa\/","title":{"rendered":"Manteniment de gespa"},"content":{"rendered":"<div class=\"fusion-fullwidth fullwidth-box fusion-builder-row-1 fusion-flex-container hundred-percent-fullwidth non-hundred-percent-height-scrolling\" style=\"--awb-border-radius-top-left:0px;--awb-border-radius-top-right:0px;--awb-border-radius-bottom-right:0px;--awb-border-radius-bottom-left:0px;--awb-overflow:visible;--awb-flex-wrap:wrap;\" ><div class=\"fusion-builder-row fusion-row fusion-flex-align-items-flex-start fusion-flex-content-wrap\" style=\"width:104% !important;max-width:104% !important;margin-left: calc(-4% \/ 2 );margin-right: calc(-4% \/ 2 );\"><div class=\"fusion-layout-column fusion_builder_column fusion-builder-column-0 fusion_builder_column_3_4 3_4 fusion-flex-column\" style=\"--awb-bg-size:cover;--awb-width-large:75%;--awb-margin-top-large:0px;--awb-spacing-right-large:3.84%;--awb-margin-bottom-large:20px;--awb-spacing-left-large:2.56%;--awb-width-medium:75%;--awb-spacing-right-medium:3.84%;--awb-spacing-left-medium:2.56%;--awb-width-small:100%;--awb-spacing-right-small:1.92%;--awb-spacing-left-small:1.92%;\"><div class=\"fusion-column-wrapper fusion-flex-justify-content-flex-start fusion-content-layout-column\"><div class=\"fusion-text fusion-text-1\"><p>La gespa \u00e9s un element viu que cada dia de l\u2019any es comporta diferent i, per tant, necessita un bon coneixement professional per poder estar en bones condicions. Actualment hi ha moltes esp\u00e8cies i varietats de gespa molt diverses, ja siguin m\u00e9s o menys resistents a la sequera, trepitjada, al fred i, principalment, un manteniment m\u00e9s o menys intensiu.<\/p>\n<p>La nostra empresa elabora un pla d\u2019execuci\u00f3 i bones pr\u00e0ctiques per cada gespa en funci\u00f3 de molts par\u00e0metres que garanteixen tenir-la lliure de males herbes, bon nivell de nutrients, bon estat sanitari i fisiol\u00f2gic i, sobretot, un bon estat ornamental.<\/p>\n<\/div><\/div><\/div><div class=\"fusion-layout-column fusion_builder_column fusion-builder-column-1 fusion_builder_column_1_4 1_4 fusion-flex-column\" style=\"--awb-bg-size:cover;--awb-width-large:25%;--awb-margin-top-large:0px;--awb-spacing-right-large:7.68%;--awb-margin-bottom-large:20px;--awb-spacing-left-large:3.84%;--awb-width-medium:25%;--awb-spacing-right-medium:7.68%;--awb-spacing-left-medium:3.84%;--awb-width-small:100%;--awb-spacing-right-small:1.92%;--awb-spacing-left-small:1.92%;\"><div class=\"fusion-column-wrapper fusion-flex-justify-content-flex-start fusion-content-layout-column\"><div class=\"fusion-image-element \" style=\"--awb-caption-title-font-family:var(--h2_typography-font-family);--awb-caption-title-font-weight:var(--h2_typography-font-weight);--awb-caption-title-font-style:var(--h2_typography-font-style);--awb-caption-title-size:var(--h2_typography-font-size);--awb-caption-title-transform:var(--h2_typography-text-transform);--awb-caption-title-line-height:var(--h2_typography-line-height);--awb-caption-title-letter-spacing:var(--h2_typography-letter-spacing);\"><span class=\" fusion-imageframe imageframe-none imageframe-1 hover-type-none\"><img decoding=\"async\" src=\"http:\/\/www.jardinex.cat\/wp-content\/uploads\/2015\/06\/20160205_123220_opt-e1455735070993.jpg\" alt class=\"img-responsive\"\/><\/span><\/div><\/div><\/div><div class=\"fusion-layout-column fusion_builder_column fusion-builder-column-2 fusion_builder_column_1_1 1_1 fusion-flex-column\" style=\"--awb-bg-size:cover;--awb-width-large:100%;--awb-margin-top-large:0px;--awb-spacing-right-large:1.92%;--awb-margin-bottom-large:20px;--awb-spacing-left-large:1.92%;--awb-width-medium:100%;--awb-spacing-right-medium:1.92%;--awb-spacing-left-medium:1.92%;--awb-width-small:100%;--awb-spacing-right-small:1.92%;--awb-spacing-left-small:1.92%;\"><div class=\"fusion-column-wrapper fusion-flex-justify-content-flex-start fusion-content-layout-column\"><div class=\"fusion-image-carousel fusion-image-carousel-auto fusion-image-carousel-1 lightbox-enabled fusion-carousel-border\"><div class=\"awb-carousel awb-swiper awb-swiper-carousel\" data-autoplay=\"yes\" data-columns=\"2\" data-itemmargin=\"13\" data-itemwidth=\"180\" data-touchscroll=\"no\" data-imagesize=\"auto\" style=\"--awb-columns:2;\"><div class=\"swiper-wrapper awb-image-carousel-wrapper fusion-flex-align-items-center\"><div class=\"swiper-slide\"><div class=\"fusion-carousel-item-wrapper\"><div class=\"fusion-image-wrapper hover-type-none\"><a data-rel=\"iLightbox[image_carousel_1]\" href=\"http:\/\/www.jardinex.cat\/wp-content\/uploads\/2015\/06\/20160226_103151_opt-300x169.jpg\" target=\"_self\"><img decoding=\"async\" src=\"http:\/\/www.jardinex.cat\/wp-content\/uploads\/2015\/06\/20160226_103151_opt-300x169.jpg\" alt=\"\"\/><\/a><\/div><\/div><\/div><div class=\"swiper-slide\"><div class=\"fusion-carousel-item-wrapper\"><div class=\"fusion-image-wrapper hover-type-none\"><a data-rel=\"iLightbox[image_carousel_1]\" href=\"http:\/\/www.jardinex.cat\/wp-content\/uploads\/2015\/06\/20160322_142606_opt-300x169.jpg\" target=\"_self\"><img decoding=\"async\" src=\"http:\/\/www.jardinex.cat\/wp-content\/uploads\/2015\/06\/20160322_142606_opt-300x169.jpg\" alt=\"\"\/><\/a><\/div><\/div><\/div><div class=\"swiper-slide\"><div class=\"fusion-carousel-item-wrapper\"><div class=\"fusion-image-wrapper hover-type-none\"><a data-rel=\"iLightbox[image_carousel_1]\" href=\"http:\/\/www.jardinex.cat\/wp-content\/uploads\/2015\/06\/20160322_093016-e1459616191230-300x169.jpg\" target=\"_self\"><img decoding=\"async\" src=\"http:\/\/www.jardinex.cat\/wp-content\/uploads\/2015\/06\/20160322_093016-e1459616191230-300x169.jpg\" alt=\"\"\/><\/a><\/div><\/div><\/div><div class=\"swiper-slide\"><div class=\"fusion-carousel-item-wrapper\"><div class=\"fusion-image-wrapper hover-type-none\"><a data-rel=\"iLightbox[image_carousel_1]\" href=\"http:\/\/www.jardinex.cat\/wp-content\/uploads\/2015\/06\/20160322_144258_opt-300x169.jpg\" target=\"_self\"><img decoding=\"async\" src=\"http:\/\/www.jardinex.cat\/wp-content\/uploads\/2015\/06\/20160322_144258_opt-300x169.jpg\" alt=\"\"\/><\/a><\/div><\/div><\/div><\/div><div class=\"awb-swiper-button awb-swiper-button-prev\"><i class=\"awb-icon-angle-left\" aria-hidden=\"true\"><\/i><\/div><div class=\"awb-swiper-button awb-swiper-button-next\"><i class=\"awb-icon-angle-right\" aria-hidden=\"true\"><\/i><\/div><\/div><\/div><\/div><\/div><\/div><\/div>\n","protected":false},"excerpt":{"rendered":"","protected":false},"author":1,"featured_media":0,"parent":24,"menu_order":0,"comment_status":"open","ping_status":"open","template":"","meta":{"footnotes":""},"class_list":["post-102","page","type-page","status-publish","hentry"],"yoast_head":"<!-- This site is optimized with the Yoast SEO plugin v27.1.1 - https:\/\/yoast.com\/product\/yoast-seo-wordpress\/ -->\n<title>Manteniment de gespa - Jardinex jardiner\u00eda<\/title>\n<meta name=\"robots\" content=\"index, follow, max-snippet:-1, max-image-preview:large, max-video-preview:-1\" \/>\n<link rel=\"canonical\" href=\"https:\/\/www.jardinex.cat\/mantenimiento-de-jardines\/mantenimiento-del-cesped\/\" \/>\n<meta property=\"og:locale\" content=\"ca_ES\" \/>\n<meta property=\"og:type\" content=\"article\" \/>\n<meta property=\"og:title\" content=\"Manteniment de gespa - Jardinex jardiner\u00eda\" \/>\n<meta property=\"og:url\" content=\"https:\/\/www.jardinex.cat\/mantenimiento-de-jardines\/mantenimiento-del-cesped\/\" \/>\n<meta property=\"og:site_name\" content=\"Jardinex jardiner\u00eda\" \/>\n<meta property=\"article:modified_time\" content=\"2024-04-12T23:39:38+00:00\" \/>\n<meta property=\"og:image\" content=\"http:\/\/www.jardinex.cat\/wp-content\/uploads\/2015\/06\/20160205_123220_opt-e1455735070993.jpg\" \/>\n<meta name=\"twitter:card\" content=\"summary_large_image\" \/>\n<meta name=\"twitter:label1\" content=\"Temps estimat de lectura\" \/>\n\t<meta name=\"twitter:data1\" content=\"2 minuts\" \/>\n<script type=\"application\/ld+json\" class=\"yoast-schema-graph\">{\"@context\":\"https:\/\/schema.org\",\"@graph\":[{\"@type\":\"WebPage\",\"@id\":\"https:\/\/www.jardinex.cat\/mantenimiento-de-jardines\/mantenimiento-del-cesped\/\",\"url\":\"https:\/\/www.jardinex.cat\/mantenimiento-de-jardines\/mantenimiento-del-cesped\/\",\"name\":\"Manteniment de gespa - Jardinex jardiner\u00eda\",\"isPartOf\":{\"@id\":\"https:\/\/www.jardinex.cat\/#website\"},\"primaryImageOfPage\":{\"@id\":\"https:\/\/www.jardinex.cat\/mantenimiento-de-jardines\/mantenimiento-del-cesped\/#primaryimage\"},\"image\":{\"@id\":\"https:\/\/www.jardinex.cat\/mantenimiento-de-jardines\/mantenimiento-del-cesped\/#primaryimage\"},\"thumbnailUrl\":\"http:\/\/www.jardinex.cat\/wp-content\/uploads\/2015\/06\/20160205_123220_opt-e1455735070993.jpg\",\"datePublished\":\"2015-04-27T23:53:40+00:00\",\"dateModified\":\"2024-04-12T23:39:38+00:00\",\"breadcrumb\":{\"@id\":\"https:\/\/www.jardinex.cat\/mantenimiento-de-jardines\/mantenimiento-del-cesped\/#breadcrumb\"},\"inLanguage\":\"ca\",\"potentialAction\":[{\"@type\":\"ReadAction\",\"target\":[\"https:\/\/www.jardinex.cat\/mantenimiento-de-jardines\/mantenimiento-del-cesped\/\"]}]},{\"@type\":\"ImageObject\",\"inLanguage\":\"ca\",\"@id\":\"https:\/\/www.jardinex.cat\/mantenimiento-de-jardines\/mantenimiento-del-cesped\/#primaryimage\",\"url\":\"http:\/\/www.jardinex.cat\/wp-content\/uploads\/2015\/06\/20160205_123220_opt-e1455735070993.jpg\",\"contentUrl\":\"http:\/\/www.jardinex.cat\/wp-content\/uploads\/2015\/06\/20160205_123220_opt-e1455735070993.jpg\"},{\"@type\":\"BreadcrumbList\",\"@id\":\"https:\/\/www.jardinex.cat\/mantenimiento-de-jardines\/mantenimiento-del-cesped\/#breadcrumb\",\"itemListElement\":[{\"@type\":\"ListItem\",\"position\":1,\"name\":\"Portada\",\"item\":\"https:\/\/www.jardinex.cat\/ca\/\"},{\"@type\":\"ListItem\",\"position\":2,\"name\":\"Manteniment de jadins\",\"item\":\"https:\/\/www.jardinex.cat\/mantenimiento-de-jardines\/\"},{\"@type\":\"ListItem\",\"position\":3,\"name\":\"Manteniment de gespa\"}]},{\"@type\":\"WebSite\",\"@id\":\"https:\/\/www.jardinex.cat\/#website\",\"url\":\"https:\/\/www.jardinex.cat\/\",\"name\":\"Jardinex jardiner\u00eda\",\"description\":\"Jardineria i disseny d&#039;exteriors\",\"potentialAction\":[{\"@type\":\"SearchAction\",\"target\":{\"@type\":\"EntryPoint\",\"urlTemplate\":\"https:\/\/www.jardinex.cat\/?s={search_term_string}\"},\"query-input\":{\"@type\":\"PropertyValueSpecification\",\"valueRequired\":true,\"valueName\":\"search_term_string\"}}],\"inLanguage\":\"ca\"}]}<\/script>\n<!-- \/ Yoast SEO plugin. -->","yoast_head_json":{"title":"Manteniment de gespa - Jardinex jardiner\u00eda","robots":{"index":"index","follow":"follow","max-snippet":"max-snippet:-1","max-image-preview":"max-image-preview:large","max-video-preview":"max-video-preview:-1"},"canonical":"https:\/\/www.jardinex.cat\/mantenimiento-de-jardines\/mantenimiento-del-cesped\/","og_locale":"ca_ES","og_type":"article","og_title":"Manteniment de gespa - Jardinex jardiner\u00eda","og_url":"https:\/\/www.jardinex.cat\/mantenimiento-de-jardines\/mantenimiento-del-cesped\/","og_site_name":"Jardinex jardiner\u00eda","article_modified_time":"2024-04-12T23:39:38+00:00","og_image":[{"url":"http:\/\/www.jardinex.cat\/wp-content\/uploads\/2015\/06\/20160205_123220_opt-e1455735070993.jpg","type":"","width":"","height":""}],"twitter_card":"summary_large_image","twitter_misc":{"Temps estimat de lectura":"2 minuts"},"schema":{"@context":"https:\/\/schema.org","@graph":[{"@type":"WebPage","@id":"https:\/\/www.jardinex.cat\/mantenimiento-de-jardines\/mantenimiento-del-cesped\/","url":"https:\/\/www.jardinex.cat\/mantenimiento-de-jardines\/mantenimiento-del-cesped\/","name":"Manteniment de gespa - Jardinex jardiner\u00eda","isPartOf":{"@id":"https:\/\/www.jardinex.cat\/#website"},"primaryImageOfPage":{"@id":"https:\/\/www.jardinex.cat\/mantenimiento-de-jardines\/mantenimiento-del-cesped\/#primaryimage"},"image":{"@id":"https:\/\/www.jardinex.cat\/mantenimiento-de-jardines\/mantenimiento-del-cesped\/#primaryimage"},"thumbnailUrl":"http:\/\/www.jardinex.cat\/wp-content\/uploads\/2015\/06\/20160205_123220_opt-e1455735070993.jpg","datePublished":"2015-04-27T23:53:40+00:00","dateModified":"2024-04-12T23:39:38+00:00","breadcrumb":{"@id":"https:\/\/www.jardinex.cat\/mantenimiento-de-jardines\/mantenimiento-del-cesped\/#breadcrumb"},"inLanguage":"ca","potentialAction":[{"@type":"ReadAction","target":["https:\/\/www.jardinex.cat\/mantenimiento-de-jardines\/mantenimiento-del-cesped\/"]}]},{"@type":"ImageObject","inLanguage":"ca","@id":"https:\/\/www.jardinex.cat\/mantenimiento-de-jardines\/mantenimiento-del-cesped\/#primaryimage","url":"http:\/\/www.jardinex.cat\/wp-content\/uploads\/2015\/06\/20160205_123220_opt-e1455735070993.jpg","contentUrl":"http:\/\/www.jardinex.cat\/wp-content\/uploads\/2015\/06\/20160205_123220_opt-e1455735070993.jpg"},{"@type":"BreadcrumbList","@id":"https:\/\/www.jardinex.cat\/mantenimiento-de-jardines\/mantenimiento-del-cesped\/#breadcrumb","itemListElement":[{"@type":"ListItem","position":1,"name":"Portada","item":"https:\/\/www.jardinex.cat\/ca\/"},{"@type":"ListItem","position":2,"name":"Manteniment de jadins","item":"https:\/\/www.jardinex.cat\/mantenimiento-de-jardines\/"},{"@type":"ListItem","position":3,"name":"Manteniment de gespa"}]},{"@type":"WebSite","@id":"https:\/\/www.jardinex.cat\/#website","url":"https:\/\/www.jardinex.cat\/","name":"Jardinex jardiner\u00eda","description":"Jardineria i disseny d&#039;exteriors","potentialAction":[{"@type":"SearchAction","target":{"@type":"EntryPoint","urlTemplate":"https:\/\/www.jardinex.cat\/?s={search_term_string}"},"query-input":{"@type":"PropertyValueSpecification","valueRequired":true,"valueName":"search_term_string"}}],"inLanguage":"ca"}]}},"_links":{"self":[{"href":"https:\/\/www.jardinex.cat\/ca\/wp-json\/wp\/v2\/pages\/102","targetHints":{"allow":["GET"]}}],"collection":[{"href":"https:\/\/www.jardinex.cat\/ca\/wp-json\/wp\/v2\/pages"}],"about":[{"href":"https:\/\/www.jardinex.cat\/ca\/wp-json\/wp\/v2\/types\/page"}],"author":[{"embeddable":true,"href":"https:\/\/www.jardinex.cat\/ca\/wp-json\/wp\/v2\/users\/1"}],"replies":[{"embeddable":true,"href":"https:\/\/www.jardinex.cat\/ca\/wp-json\/wp\/v2\/comments?post=102"}],"version-history":[{"count":4,"href":"https:\/\/www.jardinex.cat\/ca\/wp-json\/wp\/v2\/pages\/102\/revisions"}],"predecessor-version":[{"id":1360,"href":"https:\/\/www.jardinex.cat\/ca\/wp-json\/wp\/v2\/pages\/102\/revisions\/1360"}],"up":[{"embeddable":true,"href":"https:\/\/www.jardinex.cat\/ca\/wp-json\/wp\/v2\/pages\/24"}],"wp:attachment":[{"href":"https:\/\/www.jardinex.cat\/ca\/wp-json\/wp\/v2\/media?parent=102"}],"curies":[{"name":"wp","href":"https:\/\/api.w.org\/{rel}","templated":true}]}}