{"id":176,"date":"2015-06-01T17:05:58","date_gmt":"2015-06-01T17:05:58","guid":{"rendered":"http:\/\/www.jardinex.cat\/?page_id=176"},"modified":"2024-04-13T01:39:34","modified_gmt":"2024-04-12T23:39:34","slug":"horticultura","status":"publish","type":"page","link":"https:\/\/www.jardinex.cat\/ca\/disseny-de-jardins\/horticultura\/","title":{"rendered":"Horticultura"},"content":{"rendered":"<div class=\"fusion-fullwidth fullwidth-box fusion-builder-row-1 fusion-flex-container hundred-percent-fullwidth non-hundred-percent-height-scrolling\" style=\"--awb-border-radius-top-left:0px;--awb-border-radius-top-right:0px;--awb-border-radius-bottom-right:0px;--awb-border-radius-bottom-left:0px;--awb-overflow:visible;--awb-flex-wrap:wrap;\" ><div class=\"fusion-builder-row fusion-row fusion-flex-align-items-flex-start fusion-flex-content-wrap\" style=\"width:calc( 100% + 0px ) !important;max-width:calc( 100% + 0px ) !important;margin-left: calc(-0px \/ 2 );margin-right: calc(-0px \/ 2 );\"><div class=\"fusion-layout-column fusion_builder_column fusion-builder-column-0 fusion_builder_column_1_1 1_1 fusion-flex-column\" style=\"--awb-bg-size:cover;--awb-width-large:100%;--awb-margin-top-large:0px;--awb-spacing-right-large:0px;--awb-margin-bottom-large:20px;--awb-spacing-left-large:0px;--awb-width-medium:100%;--awb-spacing-right-medium:0px;--awb-spacing-left-medium:0px;--awb-width-small:100%;--awb-spacing-right-small:0px;--awb-spacing-left-small:0px;\"><div class=\"fusion-column-wrapper fusion-flex-justify-content-flex-start fusion-content-layout-column\"><div class=\"fusion-text fusion-text-1\"><p>Sabem que el jard\u00ed ens pot aportar molts avantatges, un d\u2019ells pot ser la fruita i verdura que ens doni el nostre hort. Destinar una part del nostre jard\u00ed o terrassa a tenir un hort \u00e9s molt recomanable. L\u2019hort pot ser tractat com un element m\u00e9s del jard\u00ed, per\u00f2 amb la recompensa que les seves plantes ens donen. Menjar una amanida del nostre hort \u00e9s altament gratificant.<\/p>\n<p>\u00c9s evident, per\u00f2, que per obtenir un bons resultats cal tenir un bon coneixement de les plantes hort\u00edcoles i de les seves necessitats de implantaci\u00f3 i manteniment. La nostra empresa coneix amb profunditat el m\u00f3n de l\u2019horticultura urbana, pel que tenir un hort al seu jard\u00ed pot ser molt senzill.<\/p>\n<\/div><\/div><\/div><div class=\"fusion-layout-column fusion_builder_column fusion-builder-column-1 fusion_builder_column_1_1 1_1 fusion-flex-column\" style=\"--awb-bg-size:cover;--awb-width-large:100%;--awb-margin-top-large:0px;--awb-spacing-right-large:0px;--awb-margin-bottom-large:20px;--awb-spacing-left-large:0px;--awb-width-medium:100%;--awb-spacing-right-medium:0px;--awb-spacing-left-medium:0px;--awb-width-small:100%;--awb-spacing-right-small:0px;--awb-spacing-left-small:0px;\"><div class=\"fusion-column-wrapper fusion-flex-justify-content-flex-start fusion-content-layout-column\"><div class=\"fusion-image-carousel fusion-image-carousel-auto fusion-image-carousel-1 lightbox-enabled fusion-carousel-border\"><div class=\"awb-carousel awb-swiper awb-swiper-carousel\" data-autoplay=\"yes\" data-columns=\"4\" data-itemmargin=\"10\" data-itemwidth=\"180\" data-touchscroll=\"no\" data-imagesize=\"auto\" style=\"--awb-columns:4;--awb-column-spacing:10px;\"><div class=\"swiper-wrapper awb-image-carousel-wrapper fusion-flex-align-items-center\"><div class=\"swiper-slide\"><div class=\"fusion-carousel-item-wrapper\"><div class=\"fusion-image-wrapper hover-type-none\"><a data-rel=\"iLightbox[image_carousel_1]\" href=\"http:\/\/www.jardinex.cat\/wp-content\/uploads\/2015\/06\/20160429_112231_opt-300x169.jpg\" target=\"_self\"><img decoding=\"async\" src=\"http:\/\/www.jardinex.cat\/wp-content\/uploads\/2015\/06\/20160429_112231_opt-300x169.jpg\" alt=\"\"\/><\/a><\/div><\/div><\/div><div class=\"swiper-slide\"><div class=\"fusion-carousel-item-wrapper\"><div class=\"fusion-image-wrapper hover-type-none\"><a data-rel=\"iLightbox[image_carousel_1]\" href=\"http:\/\/www.jardinex.cat\/wp-content\/uploads\/2015\/06\/20160429_141540-300x169.jpg\" target=\"_self\"><img decoding=\"async\" src=\"http:\/\/www.jardinex.cat\/wp-content\/uploads\/2015\/06\/20160429_141540-300x169.jpg\" alt=\"\"\/><\/a><\/div><\/div><\/div><div class=\"swiper-slide\"><div class=\"fusion-carousel-item-wrapper\"><div class=\"fusion-image-wrapper hover-type-none\"><a data-rel=\"iLightbox[image_carousel_1]\" href=\"http:\/\/www.jardinex.cat\/wp-content\/uploads\/2015\/06\/20160429_154714_opt-300x169.jpg\" target=\"_self\"><img decoding=\"async\" src=\"http:\/\/www.jardinex.cat\/wp-content\/uploads\/2015\/06\/20160429_154714_opt-300x169.jpg\" alt=\"\"\/><\/a><\/div><\/div><\/div><div class=\"swiper-slide\"><div class=\"fusion-carousel-item-wrapper\"><div class=\"fusion-image-wrapper hover-type-none\"><a data-rel=\"iLightbox[image_carousel_1]\" href=\"http:\/\/www.jardinex.cat\/wp-content\/uploads\/2015\/06\/20160429_154754_opt-300x169.jpg\" target=\"_self\"><img decoding=\"async\" src=\"http:\/\/www.jardinex.cat\/wp-content\/uploads\/2015\/06\/20160429_154754_opt-300x169.jpg\" alt=\"\"\/><\/a><\/div><\/div><\/div><\/div><div class=\"awb-swiper-button awb-swiper-button-prev\"><i class=\"awb-icon-angle-left\" aria-hidden=\"true\"><\/i><\/div><div class=\"awb-swiper-button awb-swiper-button-next\"><i class=\"awb-icon-angle-right\" aria-hidden=\"true\"><\/i><\/div><\/div><\/div><\/div><\/div><\/div><\/div>\n","protected":false},"excerpt":{"rendered":"","protected":false},"author":1,"featured_media":0,"parent":139,"menu_order":0,"comment_status":"open","ping_status":"open","template":"","meta":{"footnotes":""},"class_list":["post-176","page","type-page","status-publish","hentry"],"yoast_head":"<!-- This site is optimized with the Yoast SEO plugin v27.1.1 - https:\/\/yoast.com\/product\/yoast-seo-wordpress\/ -->\n<title>Horticultura - Jardinex jardiner\u00eda<\/title>\n<meta name=\"robots\" content=\"index, follow, max-snippet:-1, max-image-preview:large, max-video-preview:-1\" \/>\n<link rel=\"canonical\" href=\"https:\/\/www.jardinex.cat\/diseno-de-jardines\/horticultura\/\" \/>\n<meta property=\"og:locale\" content=\"ca_ES\" \/>\n<meta property=\"og:type\" content=\"article\" \/>\n<meta property=\"og:title\" content=\"Horticultura - Jardinex jardiner\u00eda\" \/>\n<meta property=\"og:url\" content=\"https:\/\/www.jardinex.cat\/diseno-de-jardines\/horticultura\/\" \/>\n<meta property=\"og:site_name\" content=\"Jardinex jardiner\u00eda\" \/>\n<meta property=\"article:modified_time\" content=\"2024-04-12T23:39:34+00:00\" \/>\n<meta name=\"twitter:card\" content=\"summary_large_image\" \/>\n<meta name=\"twitter:label1\" content=\"Temps estimat de lectura\" \/>\n\t<meta name=\"twitter:data1\" content=\"2 minuts\" \/>\n<script type=\"application\/ld+json\" class=\"yoast-schema-graph\">{\"@context\":\"https:\/\/schema.org\",\"@graph\":[{\"@type\":\"WebPage\",\"@id\":\"https:\/\/www.jardinex.cat\/diseno-de-jardines\/horticultura\/\",\"url\":\"https:\/\/www.jardinex.cat\/diseno-de-jardines\/horticultura\/\",\"name\":\"Horticultura - Jardinex jardiner\u00eda\",\"isPartOf\":{\"@id\":\"https:\/\/www.jardinex.cat\/#website\"},\"datePublished\":\"2015-06-01T17:05:58+00:00\",\"dateModified\":\"2024-04-12T23:39:34+00:00\",\"breadcrumb\":{\"@id\":\"https:\/\/www.jardinex.cat\/diseno-de-jardines\/horticultura\/#breadcrumb\"},\"inLanguage\":\"ca\",\"potentialAction\":[{\"@type\":\"ReadAction\",\"target\":[\"https:\/\/www.jardinex.cat\/diseno-de-jardines\/horticultura\/\"]}]},{\"@type\":\"BreadcrumbList\",\"@id\":\"https:\/\/www.jardinex.cat\/diseno-de-jardines\/horticultura\/#breadcrumb\",\"itemListElement\":[{\"@type\":\"ListItem\",\"position\":1,\"name\":\"Portada\",\"item\":\"https:\/\/www.jardinex.cat\/ca\/\"},{\"@type\":\"ListItem\",\"position\":2,\"name\":\"Disseny de jardins &#8211; Construcci\u00f3 i restauraci\u00f3\",\"item\":\"https:\/\/www.jardinex.cat\/diseno-de-jardines\/\"},{\"@type\":\"ListItem\",\"position\":3,\"name\":\"Horticultura\"}]},{\"@type\":\"WebSite\",\"@id\":\"https:\/\/www.jardinex.cat\/#website\",\"url\":\"https:\/\/www.jardinex.cat\/\",\"name\":\"Jardinex jardiner\u00eda\",\"description\":\"Jardineria i disseny d&#039;exteriors\",\"potentialAction\":[{\"@type\":\"SearchAction\",\"target\":{\"@type\":\"EntryPoint\",\"urlTemplate\":\"https:\/\/www.jardinex.cat\/?s={search_term_string}\"},\"query-input\":{\"@type\":\"PropertyValueSpecification\",\"valueRequired\":true,\"valueName\":\"search_term_string\"}}],\"inLanguage\":\"ca\"}]}<\/script>\n<!-- \/ Yoast SEO plugin. -->","yoast_head_json":{"title":"Horticultura - Jardinex jardiner\u00eda","robots":{"index":"index","follow":"follow","max-snippet":"max-snippet:-1","max-image-preview":"max-image-preview:large","max-video-preview":"max-video-preview:-1"},"canonical":"https:\/\/www.jardinex.cat\/diseno-de-jardines\/horticultura\/","og_locale":"ca_ES","og_type":"article","og_title":"Horticultura - Jardinex jardiner\u00eda","og_url":"https:\/\/www.jardinex.cat\/diseno-de-jardines\/horticultura\/","og_site_name":"Jardinex jardiner\u00eda","article_modified_time":"2024-04-12T23:39:34+00:00","twitter_card":"summary_large_image","twitter_misc":{"Temps estimat de lectura":"2 minuts"},"schema":{"@context":"https:\/\/schema.org","@graph":[{"@type":"WebPage","@id":"https:\/\/www.jardinex.cat\/diseno-de-jardines\/horticultura\/","url":"https:\/\/www.jardinex.cat\/diseno-de-jardines\/horticultura\/","name":"Horticultura - Jardinex jardiner\u00eda","isPartOf":{"@id":"https:\/\/www.jardinex.cat\/#website"},"datePublished":"2015-06-01T17:05:58+00:00","dateModified":"2024-04-12T23:39:34+00:00","breadcrumb":{"@id":"https:\/\/www.jardinex.cat\/diseno-de-jardines\/horticultura\/#breadcrumb"},"inLanguage":"ca","potentialAction":[{"@type":"ReadAction","target":["https:\/\/www.jardinex.cat\/diseno-de-jardines\/horticultura\/"]}]},{"@type":"BreadcrumbList","@id":"https:\/\/www.jardinex.cat\/diseno-de-jardines\/horticultura\/#breadcrumb","itemListElement":[{"@type":"ListItem","position":1,"name":"Portada","item":"https:\/\/www.jardinex.cat\/ca\/"},{"@type":"ListItem","position":2,"name":"Disseny de jardins &#8211; Construcci\u00f3 i restauraci\u00f3","item":"https:\/\/www.jardinex.cat\/diseno-de-jardines\/"},{"@type":"ListItem","position":3,"name":"Horticultura"}]},{"@type":"WebSite","@id":"https:\/\/www.jardinex.cat\/#website","url":"https:\/\/www.jardinex.cat\/","name":"Jardinex jardiner\u00eda","description":"Jardineria i disseny d&#039;exteriors","potentialAction":[{"@type":"SearchAction","target":{"@type":"EntryPoint","urlTemplate":"https:\/\/www.jardinex.cat\/?s={search_term_string}"},"query-input":{"@type":"PropertyValueSpecification","valueRequired":true,"valueName":"search_term_string"}}],"inLanguage":"ca"}]}},"_links":{"self":[{"href":"https:\/\/www.jardinex.cat\/ca\/wp-json\/wp\/v2\/pages\/176","targetHints":{"allow":["GET"]}}],"collection":[{"href":"https:\/\/www.jardinex.cat\/ca\/wp-json\/wp\/v2\/pages"}],"about":[{"href":"https:\/\/www.jardinex.cat\/ca\/wp-json\/wp\/v2\/types\/page"}],"author":[{"embeddable":true,"href":"https:\/\/www.jardinex.cat\/ca\/wp-json\/wp\/v2\/users\/1"}],"replies":[{"embeddable":true,"href":"https:\/\/www.jardinex.cat\/ca\/wp-json\/wp\/v2\/comments?post=176"}],"version-history":[{"count":2,"href":"https:\/\/www.jardinex.cat\/ca\/wp-json\/wp\/v2\/pages\/176\/revisions"}],"predecessor-version":[{"id":1346,"href":"https:\/\/www.jardinex.cat\/ca\/wp-json\/wp\/v2\/pages\/176\/revisions\/1346"}],"up":[{"embeddable":true,"href":"https:\/\/www.jardinex.cat\/ca\/wp-json\/wp\/v2\/pages\/139"}],"wp:attachment":[{"href":"https:\/\/www.jardinex.cat\/ca\/wp-json\/wp\/v2\/media?parent=176"}],"curies":[{"name":"wp","href":"https:\/\/api.w.org\/{rel}","templated":true}]}}