{"id":70,"date":"2015-04-27T15:41:38","date_gmt":"2015-04-27T15:41:38","guid":{"rendered":"http:\/\/www.jardinex.cat\/?page_id=70"},"modified":"2020-03-30T16:13:11","modified_gmt":"2020-03-30T14:13:11","slug":"adobat-i-millora-del-sol","status":"publish","type":"page","link":"https:\/\/www.jardinex.cat\/ca\/serveis-de-jardineria\/adobat-i-millora-del-sol\/","title":{"rendered":"Adobat i millora del s\u00f2l"},"content":{"rendered":"<div class=\"fusion-text fusion-text-1\"><\/p>\n<h1>L&#8217;abonat i millora del s\u00f2l \u00e9s b\u00e0sic per aconseguir mantenir la vegetaci\u00f3 de jard\u00ed en un bon estat fisiol\u00f2gic, sanitari i ornamental.<\/h1>\n<p>Per tenir el s\u00f2l en bones condicions\u00a0cal\u00a0realitzar treballs de manteniment per reduir les conseq\u00fc\u00e8ncies de l&#8217;esgotament del terreny.<\/p>\n<p>Dins de les necessitats d&#8217;abonat i millora de terra hem de diferenciar entre les necessitats f\u00edsiques i la qu\u00edmica.<\/p>\n<p>Les necessitats f\u00edsiques s\u00f3n aquelles que permeten que l&#8217;estructura de terra sigui l&#8217;adequada, \u00e9s a dir, que tingui una bona ventilaci\u00f3, una compactaci\u00f3 lleu, bon drenatge i bona textura. Per aconseguir-ho hem realitzar tasques de cavat i ventilaci\u00f3, ja sigui amb mitjans manuals o mec\u00e0nics.<\/p>\n<h1>Una bona programaci\u00f3 dels treballs d&#8217;abonat i millora de terra s\u00f3n essencials per aconseguir un estat \u00f2ptim de jard\u00ed.<\/h1>\n<p>D&#8217;altra banda, les necessitats qu\u00edmiques de terra responen a la quantitat de nutrients que poden trobar les plantes en ell, tant de mat\u00e8ria org\u00e0nica com de compost minerals. Per garantir un bon estat qu\u00edmic de terra hem de fer de forma peri\u00f2dica l&#8217;aportaci\u00f3 de mat\u00e8ria org\u00e0nica mitjan\u00e7ant compost vegetal o animal, i l&#8217;aportaci\u00f3 de nutrients minerals a partir d&#8217;adobs minerals i, si pot ser, d&#8217;alliberament controlat i cobertura de l&#8217;gra amb tecnologia &#8220;cote&#8221;.<\/p>\n<p>La quantitat d&#8217;adob mineral o org\u00e0nic que s&#8217;ha d&#8217;administrar ve determinada per molts factors, com l&#8217;\u00fas que tingui el jard\u00ed, les esp\u00e8cies vegetals, densitat de plantaci\u00f3, freq\u00fc\u00e8ncia i tipus de reg, etc. Per\u00f2 principalment s&#8217;ha de con\u00e8ixer molt b\u00e9 els materials amb els quals treballar i garantir que siguin de m\u00e0xima qualitat.<\/p>\n<p>Els treballs de manteniment tant f\u00edsics com qu\u00edmics van lligats l&#8217;un amb l&#8217;altre, ja que una bona estructura de terra \u00e9s b\u00e0sica per aconseguir que les aportacions de nutrients siguin aprofitades per la vegetaci\u00f3 de jard\u00ed i, alhora, un bon estat nutritiu del s\u00f2l facilita que el sistema radicular de les plantes sigui millor i tamb\u00e9 vaig ajudar a mantenir l&#8217;equilibri de terra.<\/p>\n<\/div>\n","protected":false},"excerpt":{"rendered":"","protected":false},"author":1,"featured_media":0,"parent":61,"menu_order":0,"comment_status":"open","ping_status":"open","template":"","meta":{"footnotes":""},"class_list":["post-70","page","type-page","status-publish","hentry"],"yoast_head":"<!-- This site is optimized with the Yoast SEO plugin v27.1.1 - https:\/\/yoast.com\/product\/yoast-seo-wordpress\/ -->\n<title>Adobat i millora del s\u00f2l - Jardinex jardiner\u00eda<\/title>\n<meta name=\"description\" content=\"Podem programar i executar un programa d&#039;adobat i millora del s\u00f2l per aconseguir l&#039;estat \u00f2ptim de les plantes del nostres jard\u00ed.\" \/>\n<meta name=\"robots\" content=\"index, follow, max-snippet:-1, max-image-preview:large, max-video-preview:-1\" \/>\n<link rel=\"canonical\" href=\"https:\/\/www.jardinex.cat\/servicios-de-jardineria\/abonado-y-mejor-del-suelo\/\" \/>\n<meta property=\"og:locale\" content=\"ca_ES\" \/>\n<meta property=\"og:type\" content=\"article\" \/>\n<meta property=\"og:title\" content=\"Adobat i millora del s\u00f2l - Jardinex jardiner\u00eda\" \/>\n<meta property=\"og:description\" content=\"Podem programar i executar un programa d&#039;adobat i millora del s\u00f2l per aconseguir l&#039;estat \u00f2ptim de les plantes del nostres jard\u00ed.\" \/>\n<meta property=\"og:url\" content=\"https:\/\/www.jardinex.cat\/servicios-de-jardineria\/abonado-y-mejor-del-suelo\/\" \/>\n<meta property=\"og:site_name\" content=\"Jardinex jardiner\u00eda\" \/>\n<meta property=\"article:modified_time\" content=\"2020-03-30T14:13:11+00:00\" \/>\n<meta name=\"twitter:card\" content=\"summary_large_image\" \/>\n<meta name=\"twitter:label1\" content=\"Temps estimat de lectura\" \/>\n\t<meta name=\"twitter:data1\" content=\"2 minuts\" \/>\n<script type=\"application\/ld+json\" class=\"yoast-schema-graph\">{\"@context\":\"https:\/\/schema.org\",\"@graph\":[{\"@type\":\"WebPage\",\"@id\":\"https:\/\/www.jardinex.cat\/servicios-de-jardineria\/abonado-y-mejor-del-suelo\/\",\"url\":\"https:\/\/www.jardinex.cat\/servicios-de-jardineria\/abonado-y-mejor-del-suelo\/\",\"name\":\"Adobat i millora del s\u00f2l - Jardinex jardiner\u00eda\",\"isPartOf\":{\"@id\":\"https:\/\/www.jardinex.cat\/#website\"},\"datePublished\":\"2015-04-27T15:41:38+00:00\",\"dateModified\":\"2020-03-30T14:13:11+00:00\",\"description\":\"Podem programar i executar un programa d'adobat i millora del s\u00f2l per aconseguir l'estat \u00f2ptim de les plantes del nostres jard\u00ed.\",\"breadcrumb\":{\"@id\":\"https:\/\/www.jardinex.cat\/servicios-de-jardineria\/abonado-y-mejor-del-suelo\/#breadcrumb\"},\"inLanguage\":\"ca\",\"potentialAction\":[{\"@type\":\"ReadAction\",\"target\":[\"https:\/\/www.jardinex.cat\/servicios-de-jardineria\/abonado-y-mejor-del-suelo\/\"]}]},{\"@type\":\"BreadcrumbList\",\"@id\":\"https:\/\/www.jardinex.cat\/servicios-de-jardineria\/abonado-y-mejor-del-suelo\/#breadcrumb\",\"itemListElement\":[{\"@type\":\"ListItem\",\"position\":1,\"name\":\"Portada\",\"item\":\"https:\/\/www.jardinex.cat\/ca\/\"},{\"@type\":\"ListItem\",\"position\":2,\"name\":\"Serveis de Jardineria\",\"item\":\"https:\/\/www.jardinex.cat\/ca\/serveis-de-jardineria\/\"},{\"@type\":\"ListItem\",\"position\":3,\"name\":\"Adobat i millora del s\u00f2l\"}]},{\"@type\":\"WebSite\",\"@id\":\"https:\/\/www.jardinex.cat\/#website\",\"url\":\"https:\/\/www.jardinex.cat\/\",\"name\":\"Jardinex jardiner\u00eda\",\"description\":\"Jardineria i disseny d&#039;exteriors\",\"potentialAction\":[{\"@type\":\"SearchAction\",\"target\":{\"@type\":\"EntryPoint\",\"urlTemplate\":\"https:\/\/www.jardinex.cat\/?s={search_term_string}\"},\"query-input\":{\"@type\":\"PropertyValueSpecification\",\"valueRequired\":true,\"valueName\":\"search_term_string\"}}],\"inLanguage\":\"ca\"}]}<\/script>\n<!-- \/ Yoast SEO plugin. -->","yoast_head_json":{"title":"Adobat i millora del s\u00f2l - Jardinex jardiner\u00eda","description":"Podem programar i executar un programa d'adobat i millora del s\u00f2l per aconseguir l'estat \u00f2ptim de les plantes del nostres jard\u00ed.","robots":{"index":"index","follow":"follow","max-snippet":"max-snippet:-1","max-image-preview":"max-image-preview:large","max-video-preview":"max-video-preview:-1"},"canonical":"https:\/\/www.jardinex.cat\/servicios-de-jardineria\/abonado-y-mejor-del-suelo\/","og_locale":"ca_ES","og_type":"article","og_title":"Adobat i millora del s\u00f2l - Jardinex jardiner\u00eda","og_description":"Podem programar i executar un programa d'adobat i millora del s\u00f2l per aconseguir l'estat \u00f2ptim de les plantes del nostres jard\u00ed.","og_url":"https:\/\/www.jardinex.cat\/servicios-de-jardineria\/abonado-y-mejor-del-suelo\/","og_site_name":"Jardinex jardiner\u00eda","article_modified_time":"2020-03-30T14:13:11+00:00","twitter_card":"summary_large_image","twitter_misc":{"Temps estimat de lectura":"2 minuts"},"schema":{"@context":"https:\/\/schema.org","@graph":[{"@type":"WebPage","@id":"https:\/\/www.jardinex.cat\/servicios-de-jardineria\/abonado-y-mejor-del-suelo\/","url":"https:\/\/www.jardinex.cat\/servicios-de-jardineria\/abonado-y-mejor-del-suelo\/","name":"Adobat i millora del s\u00f2l - Jardinex jardiner\u00eda","isPartOf":{"@id":"https:\/\/www.jardinex.cat\/#website"},"datePublished":"2015-04-27T15:41:38+00:00","dateModified":"2020-03-30T14:13:11+00:00","description":"Podem programar i executar un programa d'adobat i millora del s\u00f2l per aconseguir l'estat \u00f2ptim de les plantes del nostres jard\u00ed.","breadcrumb":{"@id":"https:\/\/www.jardinex.cat\/servicios-de-jardineria\/abonado-y-mejor-del-suelo\/#breadcrumb"},"inLanguage":"ca","potentialAction":[{"@type":"ReadAction","target":["https:\/\/www.jardinex.cat\/servicios-de-jardineria\/abonado-y-mejor-del-suelo\/"]}]},{"@type":"BreadcrumbList","@id":"https:\/\/www.jardinex.cat\/servicios-de-jardineria\/abonado-y-mejor-del-suelo\/#breadcrumb","itemListElement":[{"@type":"ListItem","position":1,"name":"Portada","item":"https:\/\/www.jardinex.cat\/ca\/"},{"@type":"ListItem","position":2,"name":"Serveis de Jardineria","item":"https:\/\/www.jardinex.cat\/ca\/serveis-de-jardineria\/"},{"@type":"ListItem","position":3,"name":"Adobat i millora del s\u00f2l"}]},{"@type":"WebSite","@id":"https:\/\/www.jardinex.cat\/#website","url":"https:\/\/www.jardinex.cat\/","name":"Jardinex jardiner\u00eda","description":"Jardineria i disseny d&#039;exteriors","potentialAction":[{"@type":"SearchAction","target":{"@type":"EntryPoint","urlTemplate":"https:\/\/www.jardinex.cat\/?s={search_term_string}"},"query-input":{"@type":"PropertyValueSpecification","valueRequired":true,"valueName":"search_term_string"}}],"inLanguage":"ca"}]}},"_links":{"self":[{"href":"https:\/\/www.jardinex.cat\/ca\/wp-json\/wp\/v2\/pages\/70","targetHints":{"allow":["GET"]}}],"collection":[{"href":"https:\/\/www.jardinex.cat\/ca\/wp-json\/wp\/v2\/pages"}],"about":[{"href":"https:\/\/www.jardinex.cat\/ca\/wp-json\/wp\/v2\/types\/page"}],"author":[{"embeddable":true,"href":"https:\/\/www.jardinex.cat\/ca\/wp-json\/wp\/v2\/users\/1"}],"replies":[{"embeddable":true,"href":"https:\/\/www.jardinex.cat\/ca\/wp-json\/wp\/v2\/comments?post=70"}],"version-history":[{"count":1,"href":"https:\/\/www.jardinex.cat\/ca\/wp-json\/wp\/v2\/pages\/70\/revisions"}],"predecessor-version":[{"id":912,"href":"https:\/\/www.jardinex.cat\/ca\/wp-json\/wp\/v2\/pages\/70\/revisions\/912"}],"up":[{"embeddable":true,"href":"https:\/\/www.jardinex.cat\/ca\/wp-json\/wp\/v2\/pages\/61"}],"wp:attachment":[{"href":"https:\/\/www.jardinex.cat\/ca\/wp-json\/wp\/v2\/media?parent=70"}],"curies":[{"name":"wp","href":"https:\/\/api.w.org\/{rel}","templated":true}]}}