{"id":86,"date":"2015-04-27T23:41:13","date_gmt":"2015-04-27T23:41:13","guid":{"rendered":"http:\/\/www.jardinex.cat\/?page_id=86"},"modified":"2024-04-13T01:39:39","modified_gmt":"2024-04-12T23:39:39","slug":"neteja-de-parcel%c2%b7les","status":"publish","type":"page","link":"https:\/\/www.jardinex.cat\/ca\/serveis-de-jardineria\/neteja-de-parcel%c2%b7les\/","title":{"rendered":"Neteja de parcel\u00b7les urbanes o rurals"},"content":{"rendered":"<div class=\"fusion-fullwidth fullwidth-box fusion-builder-row-1 fusion-flex-container hundred-percent-fullwidth non-hundred-percent-height-scrolling\" style=\"--awb-border-radius-top-left:0px;--awb-border-radius-top-right:0px;--awb-border-radius-bottom-right:0px;--awb-border-radius-bottom-left:0px;--awb-overflow:visible;--awb-flex-wrap:wrap;\" ><div class=\"fusion-builder-row fusion-row fusion-flex-align-items-flex-start fusion-flex-content-wrap\" style=\"width:104% !important;max-width:104% !important;margin-left: calc(-4% \/ 2 );margin-right: calc(-4% \/ 2 );\"><div class=\"fusion-layout-column fusion_builder_column fusion-builder-column-0 fusion_builder_column_2_3 2_3 fusion-flex-column\" style=\"--awb-bg-size:cover;--awb-width-large:66.666666666667%;--awb-margin-top-large:0px;--awb-spacing-right-large:3.84%;--awb-margin-bottom-large:20px;--awb-spacing-left-large:2.88%;--awb-width-medium:66.666666666667%;--awb-spacing-right-medium:3.84%;--awb-spacing-left-medium:2.88%;--awb-width-small:100%;--awb-spacing-right-small:1.92%;--awb-spacing-left-small:1.92%;\"><div class=\"fusion-column-wrapper fusion-flex-justify-content-flex-start fusion-content-layout-column\"><div class=\"fusion-text fusion-text-1\"><p>Amb l\u2019objectiu de mantenir en un bon estat de salubritat i neteja de parcel\u00b7les situades ens zones urbanes o rurals i evitar el risc d\u2019incendi, \u00e9s necessari efectuar neteges peri\u00f2diques per disminuir el volum de la vegetaci\u00f3 , retirar vegetaci\u00f3 morta o en mal estat i netejar qualsevol resta no desitjable.<\/p>\n<p>La nostra empresa disposa de tota la maquin\u00e0ria i eines adequades per a aquest tipus de treballs, ja siguin en \u00e0mbits urbans o forestals.<\/p>\n<\/div><\/div><\/div><div class=\"fusion-layout-column fusion_builder_column fusion-builder-column-1 fusion_builder_column_1_3 1_3 fusion-flex-column\" style=\"--awb-bg-size:cover;--awb-width-large:33.333333333333%;--awb-margin-top-large:0px;--awb-spacing-right-large:5.76%;--awb-margin-bottom-large:20px;--awb-spacing-left-large:3.8399999999999%;--awb-width-medium:33.333333333333%;--awb-spacing-right-medium:5.76%;--awb-spacing-left-medium:3.8399999999999%;--awb-width-small:100%;--awb-spacing-right-small:1.92%;--awb-spacing-left-small:1.92%;\"><div class=\"fusion-column-wrapper fusion-flex-justify-content-flex-start fusion-content-layout-column\"><div class=\"fusion-image-element \" style=\"--awb-caption-title-font-family:var(--h2_typography-font-family);--awb-caption-title-font-weight:var(--h2_typography-font-weight);--awb-caption-title-font-style:var(--h2_typography-font-style);--awb-caption-title-size:var(--h2_typography-font-size);--awb-caption-title-transform:var(--h2_typography-text-transform);--awb-caption-title-line-height:var(--h2_typography-line-height);--awb-caption-title-letter-spacing:var(--h2_typography-letter-spacing);\"><span class=\" fusion-imageframe imageframe-none imageframe-1 hover-type-none\"><a href=\"http:\/\/www.jardinex.cat\/wp-content\/uploads\/2015\/06\/20140806_122420_opt-300x225.jpg\" class=\"fusion-lightbox\" data-rel=\"iLightbox[b5fc814d98217a280cf]\"><img decoding=\"async\" alt=\"Neteja de parcel\u00b7les urbanes o rurals\" src=\"http:\/\/www.jardinex.cat\/wp-content\/uploads\/2015\/06\/20140806_122420_opt-300x225.jpg\" class=\"img-responsive\"\/><\/a><\/span><\/div><\/div><\/div><div class=\"fusion-layout-column fusion_builder_column fusion-builder-column-2 fusion_builder_column_1_1 1_1 fusion-flex-column\" style=\"--awb-bg-size:cover;--awb-width-large:100%;--awb-margin-top-large:0px;--awb-spacing-right-large:1.92%;--awb-margin-bottom-large:20px;--awb-spacing-left-large:1.92%;--awb-width-medium:100%;--awb-spacing-right-medium:1.92%;--awb-spacing-left-medium:1.92%;--awb-width-small:100%;--awb-spacing-right-small:1.92%;--awb-spacing-left-small:1.92%;\"><div class=\"fusion-column-wrapper fusion-flex-justify-content-flex-start fusion-content-layout-column\"><div class=\"fusion-image-carousel fusion-image-carousel-auto fusion-image-carousel-1 lightbox-enabled fusion-carousel-border\"><div class=\"awb-carousel awb-swiper awb-swiper-carousel\" data-autoplay=\"yes\" data-columns=\"5\" data-itemmargin=\"13\" data-itemwidth=\"180\" data-touchscroll=\"no\" data-imagesize=\"auto\"><div class=\"swiper-wrapper awb-image-carousel-wrapper fusion-flex-align-items-center\"><div class=\"swiper-slide\"><div class=\"fusion-carousel-item-wrapper\"><div class=\"fusion-image-wrapper hover-type-none\"><a data-rel=\"iLightbox[image_carousel_1]\" href=\"http:\/\/www.jardinex.cat\/wp-content\/uploads\/2015\/06\/IMG-20130724-WA0001-300x225.jpg\" target=\"_self\"><img decoding=\"async\" src=\"http:\/\/www.jardinex.cat\/wp-content\/uploads\/2015\/06\/IMG-20130724-WA0001-300x225.jpg\" alt=\"\"\/><\/a><\/div><\/div><\/div><div class=\"swiper-slide\"><div class=\"fusion-carousel-item-wrapper\"><div class=\"fusion-image-wrapper hover-type-none\"><a data-rel=\"iLightbox[image_carousel_1]\" href=\"http:\/\/www.jardinex.cat\/wp-content\/uploads\/2015\/06\/20130402_162916_opt-225x300.jpg\" target=\"_self\"><img decoding=\"async\" src=\"http:\/\/www.jardinex.cat\/wp-content\/uploads\/2015\/06\/20130402_162916_opt-225x300.jpg\" alt=\"\"\/><\/a><\/div><\/div><\/div><div class=\"swiper-slide\"><div class=\"fusion-carousel-item-wrapper\"><div class=\"fusion-image-wrapper hover-type-none\"><a data-rel=\"iLightbox[image_carousel_1]\" href=\"http:\/\/www.jardinex.cat\/wp-content\/uploads\/2015\/06\/20130724_143833_opt-300x225.jpg\" target=\"_self\"><img decoding=\"async\" src=\"http:\/\/www.jardinex.cat\/wp-content\/uploads\/2015\/06\/20130724_143833_opt-300x225.jpg\" alt=\"\"\/><\/a><\/div><\/div><\/div><div class=\"swiper-slide\"><div class=\"fusion-carousel-item-wrapper\"><div class=\"fusion-image-wrapper hover-type-none\"><a data-rel=\"iLightbox[image_carousel_1]\" href=\"http:\/\/www.jardinex.cat\/wp-content\/uploads\/2015\/06\/20140806_122420_opt-300x225.jpg\" target=\"_self\"><img decoding=\"async\" src=\"http:\/\/www.jardinex.cat\/wp-content\/uploads\/2015\/06\/20140806_122420_opt-300x225.jpg\" alt=\"\"\/><\/a><\/div><\/div><\/div><div class=\"swiper-slide\"><div class=\"fusion-carousel-item-wrapper\"><div class=\"fusion-image-wrapper hover-type-none\"><a data-rel=\"iLightbox[image_carousel_1]\" href=\"http:\/\/www.jardinex.cat\/wp-content\/uploads\/2015\/04\/neteja-de-parceles-300x225.jpg\" target=\"_self\"><img decoding=\"async\" src=\"http:\/\/www.jardinex.cat\/wp-content\/uploads\/2015\/04\/neteja-de-parceles-300x225.jpg\" alt=\"\"\/><\/a><\/div><\/div><\/div><\/div><div class=\"awb-swiper-button awb-swiper-button-prev\"><i class=\"awb-icon-angle-left\" aria-hidden=\"true\"><\/i><\/div><div class=\"awb-swiper-button awb-swiper-button-next\"><i class=\"awb-icon-angle-right\" aria-hidden=\"true\"><\/i><\/div><\/div><\/div><\/div><\/div><\/div><\/div>\n","protected":false},"excerpt":{"rendered":"","protected":false},"author":1,"featured_media":0,"parent":61,"menu_order":0,"comment_status":"open","ping_status":"open","template":"","meta":{"footnotes":""},"class_list":["post-86","page","type-page","status-publish","hentry"],"yoast_head":"<!-- This site is optimized with the Yoast SEO plugin v27.1.1 - https:\/\/yoast.com\/product\/yoast-seo-wordpress\/ -->\n<title>Neteja de parcel\u00b7les urbanes o rurals - Jardinex jardiner\u00eda<\/title>\n<meta name=\"description\" content=\"Mantenir en un bon estat de salubritat i neteja de parcel\u00b7les\" \/>\n<meta name=\"robots\" content=\"index, follow, max-snippet:-1, max-image-preview:large, max-video-preview:-1\" \/>\n<link rel=\"canonical\" href=\"https:\/\/www.jardinex.cat\/servicios-de-jardineria\/limpieza-de-parcelas-urbanas-o-rurales\/\" \/>\n<meta property=\"og:locale\" content=\"ca_ES\" \/>\n<meta property=\"og:type\" content=\"article\" \/>\n<meta property=\"og:title\" content=\"Neteja de parcel\u00b7les urbanes o rurals - Jardinex jardiner\u00eda\" \/>\n<meta property=\"og:description\" content=\"Mantenir en un bon estat de salubritat i neteja de parcel\u00b7les\" \/>\n<meta property=\"og:url\" content=\"https:\/\/www.jardinex.cat\/servicios-de-jardineria\/limpieza-de-parcelas-urbanas-o-rurales\/\" \/>\n<meta property=\"og:site_name\" content=\"Jardinex jardiner\u00eda\" \/>\n<meta property=\"article:modified_time\" content=\"2024-04-12T23:39:39+00:00\" \/>\n<meta property=\"og:image\" content=\"http:\/\/www.jardinex.cat\/wp-content\/uploads\/2015\/06\/20140806_122420_opt-300x225.jpg\" \/>\n<meta name=\"twitter:card\" content=\"summary_large_image\" \/>\n<meta name=\"twitter:label1\" content=\"Temps estimat de lectura\" \/>\n\t<meta name=\"twitter:data1\" content=\"2 minuts\" \/>\n<script type=\"application\/ld+json\" class=\"yoast-schema-graph\">{\"@context\":\"https:\/\/schema.org\",\"@graph\":[{\"@type\":\"WebPage\",\"@id\":\"https:\/\/www.jardinex.cat\/servicios-de-jardineria\/limpieza-de-parcelas-urbanas-o-rurales\/\",\"url\":\"https:\/\/www.jardinex.cat\/servicios-de-jardineria\/limpieza-de-parcelas-urbanas-o-rurales\/\",\"name\":\"Neteja de parcel\u00b7les urbanes o rurals - Jardinex jardiner\u00eda\",\"isPartOf\":{\"@id\":\"https:\/\/www.jardinex.cat\/#website\"},\"primaryImageOfPage\":{\"@id\":\"https:\/\/www.jardinex.cat\/servicios-de-jardineria\/limpieza-de-parcelas-urbanas-o-rurales\/#primaryimage\"},\"image\":{\"@id\":\"https:\/\/www.jardinex.cat\/servicios-de-jardineria\/limpieza-de-parcelas-urbanas-o-rurales\/#primaryimage\"},\"thumbnailUrl\":\"http:\/\/www.jardinex.cat\/wp-content\/uploads\/2015\/06\/20140806_122420_opt-300x225.jpg\",\"datePublished\":\"2015-04-27T23:41:13+00:00\",\"dateModified\":\"2024-04-12T23:39:39+00:00\",\"description\":\"Mantenir en un bon estat de salubritat i neteja de parcel\u00b7les\",\"breadcrumb\":{\"@id\":\"https:\/\/www.jardinex.cat\/servicios-de-jardineria\/limpieza-de-parcelas-urbanas-o-rurales\/#breadcrumb\"},\"inLanguage\":\"ca\",\"potentialAction\":[{\"@type\":\"ReadAction\",\"target\":[\"https:\/\/www.jardinex.cat\/servicios-de-jardineria\/limpieza-de-parcelas-urbanas-o-rurales\/\"]}]},{\"@type\":\"ImageObject\",\"inLanguage\":\"ca\",\"@id\":\"https:\/\/www.jardinex.cat\/servicios-de-jardineria\/limpieza-de-parcelas-urbanas-o-rurales\/#primaryimage\",\"url\":\"http:\/\/www.jardinex.cat\/wp-content\/uploads\/2015\/06\/20140806_122420_opt-300x225.jpg\",\"contentUrl\":\"http:\/\/www.jardinex.cat\/wp-content\/uploads\/2015\/06\/20140806_122420_opt-300x225.jpg\"},{\"@type\":\"BreadcrumbList\",\"@id\":\"https:\/\/www.jardinex.cat\/servicios-de-jardineria\/limpieza-de-parcelas-urbanas-o-rurales\/#breadcrumb\",\"itemListElement\":[{\"@type\":\"ListItem\",\"position\":1,\"name\":\"Portada\",\"item\":\"https:\/\/www.jardinex.cat\/ca\/\"},{\"@type\":\"ListItem\",\"position\":2,\"name\":\"Serveis de Jardineria\",\"item\":\"https:\/\/www.jardinex.cat\/ca\/serveis-de-jardineria\/\"},{\"@type\":\"ListItem\",\"position\":3,\"name\":\"Neteja de parcel\u00b7les urbanes o rurals\"}]},{\"@type\":\"WebSite\",\"@id\":\"https:\/\/www.jardinex.cat\/#website\",\"url\":\"https:\/\/www.jardinex.cat\/\",\"name\":\"Jardinex jardiner\u00eda\",\"description\":\"Jardineria i disseny d&#039;exteriors\",\"potentialAction\":[{\"@type\":\"SearchAction\",\"target\":{\"@type\":\"EntryPoint\",\"urlTemplate\":\"https:\/\/www.jardinex.cat\/?s={search_term_string}\"},\"query-input\":{\"@type\":\"PropertyValueSpecification\",\"valueRequired\":true,\"valueName\":\"search_term_string\"}}],\"inLanguage\":\"ca\"}]}<\/script>\n<!-- \/ Yoast SEO plugin. -->","yoast_head_json":{"title":"Neteja de parcel\u00b7les urbanes o rurals - Jardinex jardiner\u00eda","description":"Mantenir en un bon estat de salubritat i neteja de parcel\u00b7les","robots":{"index":"index","follow":"follow","max-snippet":"max-snippet:-1","max-image-preview":"max-image-preview:large","max-video-preview":"max-video-preview:-1"},"canonical":"https:\/\/www.jardinex.cat\/servicios-de-jardineria\/limpieza-de-parcelas-urbanas-o-rurales\/","og_locale":"ca_ES","og_type":"article","og_title":"Neteja de parcel\u00b7les urbanes o rurals - Jardinex jardiner\u00eda","og_description":"Mantenir en un bon estat de salubritat i neteja de parcel\u00b7les","og_url":"https:\/\/www.jardinex.cat\/servicios-de-jardineria\/limpieza-de-parcelas-urbanas-o-rurales\/","og_site_name":"Jardinex jardiner\u00eda","article_modified_time":"2024-04-12T23:39:39+00:00","og_image":[{"url":"http:\/\/www.jardinex.cat\/wp-content\/uploads\/2015\/06\/20140806_122420_opt-300x225.jpg","type":"","width":"","height":""}],"twitter_card":"summary_large_image","twitter_misc":{"Temps estimat de lectura":"2 minuts"},"schema":{"@context":"https:\/\/schema.org","@graph":[{"@type":"WebPage","@id":"https:\/\/www.jardinex.cat\/servicios-de-jardineria\/limpieza-de-parcelas-urbanas-o-rurales\/","url":"https:\/\/www.jardinex.cat\/servicios-de-jardineria\/limpieza-de-parcelas-urbanas-o-rurales\/","name":"Neteja de parcel\u00b7les urbanes o rurals - Jardinex jardiner\u00eda","isPartOf":{"@id":"https:\/\/www.jardinex.cat\/#website"},"primaryImageOfPage":{"@id":"https:\/\/www.jardinex.cat\/servicios-de-jardineria\/limpieza-de-parcelas-urbanas-o-rurales\/#primaryimage"},"image":{"@id":"https:\/\/www.jardinex.cat\/servicios-de-jardineria\/limpieza-de-parcelas-urbanas-o-rurales\/#primaryimage"},"thumbnailUrl":"http:\/\/www.jardinex.cat\/wp-content\/uploads\/2015\/06\/20140806_122420_opt-300x225.jpg","datePublished":"2015-04-27T23:41:13+00:00","dateModified":"2024-04-12T23:39:39+00:00","description":"Mantenir en un bon estat de salubritat i neteja de parcel\u00b7les","breadcrumb":{"@id":"https:\/\/www.jardinex.cat\/servicios-de-jardineria\/limpieza-de-parcelas-urbanas-o-rurales\/#breadcrumb"},"inLanguage":"ca","potentialAction":[{"@type":"ReadAction","target":["https:\/\/www.jardinex.cat\/servicios-de-jardineria\/limpieza-de-parcelas-urbanas-o-rurales\/"]}]},{"@type":"ImageObject","inLanguage":"ca","@id":"https:\/\/www.jardinex.cat\/servicios-de-jardineria\/limpieza-de-parcelas-urbanas-o-rurales\/#primaryimage","url":"http:\/\/www.jardinex.cat\/wp-content\/uploads\/2015\/06\/20140806_122420_opt-300x225.jpg","contentUrl":"http:\/\/www.jardinex.cat\/wp-content\/uploads\/2015\/06\/20140806_122420_opt-300x225.jpg"},{"@type":"BreadcrumbList","@id":"https:\/\/www.jardinex.cat\/servicios-de-jardineria\/limpieza-de-parcelas-urbanas-o-rurales\/#breadcrumb","itemListElement":[{"@type":"ListItem","position":1,"name":"Portada","item":"https:\/\/www.jardinex.cat\/ca\/"},{"@type":"ListItem","position":2,"name":"Serveis de Jardineria","item":"https:\/\/www.jardinex.cat\/ca\/serveis-de-jardineria\/"},{"@type":"ListItem","position":3,"name":"Neteja de parcel\u00b7les urbanes o rurals"}]},{"@type":"WebSite","@id":"https:\/\/www.jardinex.cat\/#website","url":"https:\/\/www.jardinex.cat\/","name":"Jardinex jardiner\u00eda","description":"Jardineria i disseny d&#039;exteriors","potentialAction":[{"@type":"SearchAction","target":{"@type":"EntryPoint","urlTemplate":"https:\/\/www.jardinex.cat\/?s={search_term_string}"},"query-input":{"@type":"PropertyValueSpecification","valueRequired":true,"valueName":"search_term_string"}}],"inLanguage":"ca"}]}},"_links":{"self":[{"href":"https:\/\/www.jardinex.cat\/ca\/wp-json\/wp\/v2\/pages\/86","targetHints":{"allow":["GET"]}}],"collection":[{"href":"https:\/\/www.jardinex.cat\/ca\/wp-json\/wp\/v2\/pages"}],"about":[{"href":"https:\/\/www.jardinex.cat\/ca\/wp-json\/wp\/v2\/types\/page"}],"author":[{"embeddable":true,"href":"https:\/\/www.jardinex.cat\/ca\/wp-json\/wp\/v2\/users\/1"}],"replies":[{"embeddable":true,"href":"https:\/\/www.jardinex.cat\/ca\/wp-json\/wp\/v2\/comments?post=86"}],"version-history":[{"count":1,"href":"https:\/\/www.jardinex.cat\/ca\/wp-json\/wp\/v2\/pages\/86\/revisions"}],"predecessor-version":[{"id":1363,"href":"https:\/\/www.jardinex.cat\/ca\/wp-json\/wp\/v2\/pages\/86\/revisions\/1363"}],"up":[{"embeddable":true,"href":"https:\/\/www.jardinex.cat\/ca\/wp-json\/wp\/v2\/pages\/61"}],"wp:attachment":[{"href":"https:\/\/www.jardinex.cat\/ca\/wp-json\/wp\/v2\/media?parent=86"}],"curies":[{"name":"wp","href":"https:\/\/api.w.org\/{rel}","templated":true}]}}